{"id":194,"date":"2020-02-24T21:56:43","date_gmt":"2020-02-24T21:56:43","guid":{"rendered":"http:\/\/gfeszek.bajnoczi.hu\/?page_id=194"},"modified":"2026-02-16T07:47:48","modified_gmt":"2026-02-16T07:47:48","slug":"kedvezmenyek","status":"publish","type":"page","link":"https:\/\/gfeszek.hu\/?page_id=194","title":{"rendered":"Kedvezm\u00e9nyek"},"content":{"rendered":"\t\t<div data-elementor-type=\"wp-page\" data-elementor-id=\"194\" class=\"elementor elementor-194\">\n\t\t\t\t<div class=\"elementor-element elementor-element-1d62ad0f e-flex e-con-boxed e-con e-parent\" data-id=\"1d62ad0f\" data-element_type=\"container\" data-e-type=\"container\">\n\t\t\t\t\t<div class=\"e-con-inner\">\n\t\t\t\t<div class=\"elementor-element elementor-element-42865010 elementor-widget elementor-widget-text-editor\" data-id=\"42865010\" data-element_type=\"widget\" data-e-type=\"widget\" data-widget_type=\"text-editor.default\">\n\t\t\t\t<div class=\"elementor-widget-container\">\n\t\t\t\t\t\t\t\t\t<p><\/p>\n<h1 class=\"wp-block-heading has-text-color\" style=\"color: #0e6fa8;\"><strong>Helyi civil\/v\u00e1llalati kapcsolatok<\/strong><\/h1>\n<p><\/p>\n<p><\/p>\n<p><a href=\"https:\/\/www.facebook.com\/adomanybolt.godollo\" target=\"_blank\" rel=\"noreferrer noopener\" data-type=\"URL\">Adom\u00e1nybolt<\/a> G\u00f6d\u00f6ll\u0151, Palotakert 4.<\/p>\n<p><\/p>\n<p><a href=\"https:\/\/www.facebook.com\/profile.php?id=100089438460711\" target=\"_blank\" rel=\"noreferrer noopener\">Amenza Service<\/a> (\u00e9lelmiszerment\u00e9s), G\u00f6d\u00f6ll\u0151, P\u00e1ter K\u00e1roly utca 1.<\/p>\n<p><a href=\"https:\/\/agrosol.hu\/\">Agrosol 2000 Kft.<\/a>,\u00a0G\u00f6d\u00f6ll\u0151, Szabads\u00e1g \u00fat 60, 2100<\/p>\n<p><\/p>\n<p><a href=\"http:\/\/agymester.hu\/\" target=\"_blank\" rel=\"noreferrer noopener\" data-type=\"URL\" data-id=\"http:\/\/agymester.hu\/\">\u00c1gymester Manufakt\u00fara<\/a> (V\u00e1ndorb\u00f6lcs\u0151 Mozgalom) Gy\u00e1l, K\u0151r\u00f6si \u00fat 92.<\/p>\n<p><a href=\"https:\/\/www.auchan.hu\/\" target=\"_blank\" rel=\"noreferrer noopener\">\u2018Auchan\u00a0<\/a>Seg\u00edt\u0151 K\u00f6z\u00f6ss\u00e9g Program\u2019 (tanszergy\u0171jt\u00e9s), Cs\u00f6m\u00f6r<\/p>\n<p><a href=\"https:\/\/www.facebook.com\/csikoscba\/\" target=\"_blank\" rel=\"noreferrer noopener\">Cs\u00edkos CBA<\/a> (\u00e9lelmiszergy\u0171jt\u00e9s), G\u00f6d\u00f6ll\u0151, Sz\u0151l\u0151 u. 10.<\/p>\n<p>B\u00e9bi-, gyermek- \u00e9s kismamaruha szak\u00fczlet (10%) G\u00f6d\u00f6ll\u0151, Kossuth Lajos utca 14.<\/p>\n<p><\/p>\n<p><a href=\"https:\/\/www.gak.hu\/node\/13\" target=\"_blank\" rel=\"noreferrer noopener\">GAK Kert\u00e9szeti Tan\u00fczem<\/a> (\u00e9lelmiszerment\u00e9s) G\u00f6d\u00f6ll\u0151, P\u00e1ter K\u00e1roly \u00fat 1.<\/p>\n<p>Iskolai Kisbolt &#8211; <a href=\"https:\/\/www.facebook.com\/bagyin.jozsef\/about\" target=\"_blank\" rel=\"noreferrer noopener\" data-type=\"URL\" data-id=\"https:\/\/www.facebook.com\/bagyin.jozsef\/about\">Bagyin J\u00f3zsef<\/a> (\u00e9lelmiszerment\u00e9s) G\u00f6d\u00f6ll\u0151, Batthy\u00e1ny Lajos u. 38-40<\/p>\n<p><a href=\"https:\/\/jokenyer.hu\/\" target=\"_blank\" rel=\"noreferrer noopener\">J\u00f3Keny\u00e9r<\/a>\u00a0(\u00e9lelmiszerment\u00e9s) G\u00f6d\u00f6ll\u0151, Pet\u0151fi t\u00e9r 4-6.<\/p>\n<p><a href=\"https:\/\/www.facebook.com\/K%C3%A9k-Elef%C3%A1nt-%C3%89kszer-%C3%A9s-%C3%81sv%C3%A1nybolt-G%C3%B6d%C3%B6ll%C5%91-100180154782050\/\" target=\"_blank\" rel=\"noreferrer noopener\">K\u00e9k Elef\u00e1nt \u00c9kszer \u00e9s \u00c1sv\u00e1nybolt<\/a>\u00a0G\u00f6d\u00f6ll\u0151, D\u00f3zsa Gy\u00f6rgy \u00fat 5.<\/p>\n<p>Kossuth Lajos utcai z\u00f6lds\u00e9ges (\u00e9lelmiszerment\u00e9s) G\u00f6d\u00f6ll\u0151, Kossuth Lajos u. 33.<\/p>\n<p><a href=\"https:\/\/www.facebook.com\/pages\/category\/Bakery\/Liget-P%C3%A9ks%C3%A9g-Baki-1-419614814786328\/\" target=\"_blank\" rel=\"noreferrer noopener\" data-type=\"URL\" data-id=\"https:\/\/www.facebook.com\/pages\/category\/Bakery\/Liget-P%C3%A9ks%C3%A9g-Baki-1-419614814786328\/\">Liget P\u00e9ks\u00e9g<\/a> (\u00e9lelmiszerment\u00e9s) G\u00f6d\u00f6ll\u0151, Kossuth Lajos u. 31.<\/p>\n<p><a href=\"http:\/\/www.ludanyimeheszet.hu\/\" target=\"_blank\" rel=\"noreferrer noopener\">Lud\u00e1nyi M\u00e9h\u00e9szet<\/a><\/p>\n<p><a href=\"https:\/\/hu.pinterest.com\/ludumanufaktura\/\" target=\"_blank\" rel=\"noreferrer noopener\">Ludu Manufakt\u00fara<\/a>\u00a0(10%)<\/p>\n<p><a href=\"https:\/\/www.facebook.com\/pages\/Muhadri-Pekseg\/1624383614478345\" target=\"_blank\" rel=\"noreferrer noopener\">Muhadri P\u00e9ks\u00e9g<\/a>\u00a0(\u00e9lelmiszerment\u00e9s) G\u00f6d\u00f6ll\u0151, D\u00f3zsa Gy\u00f6rgy \u00fat 6.<\/p>\n<p>OUTLET \u00fczlet (10%) G\u00f6d\u00f6ll\u0151, Kossuth Lajos utca 11.<\/p>\n<p>Pap\u00edrv\u00e1ros, G\u00f6d\u00f6ll\u0151, Szabads\u00e1g t\u00e9r 14.<\/p>\n<p><\/p>\n<p><a href=\"https:\/\/www.primapek.hu\/\" target=\"_blank\" rel=\"noreferrer noopener\">Pr\u00edma P\u00e9ks\u00e9g<\/a> (kor\u00e1bban \u00e9lelmiszerment\u00e9s) G\u00f6d\u00f6ll\u0151, Szabads\u00e1g t\u00e9r 3. (Piac mellett)<\/p>\n<p>Re\u00e1l \u00c9lelmiszer \u00fczletek (\u00e9lelmiszerment\u00e9s), kp: G\u00f6d\u00f6ll\u0151, Szabads\u00e1g \u00fat 52.<\/p>\n<p><\/p>\n<p><a href=\"https:\/\/www.sarankopekseg.hu\/\" target=\"_blank\" rel=\"noreferrer noopener\">Sarank\u00f3 P\u00e9ks\u00e9g<\/a> (\u00e9lelmiszerment\u00e9s) G\u00f6d\u00f6ll\u0151, Bajcsy-Zsilinszky utca 2.<\/p>\n<p><a href=\"https:\/\/etterem.solier.hu\/hu\/\" target=\"_blank\" rel=\"noreferrer noopener\">Solier\u00a0<\/a>(Nagycsal\u00e1dos \u00c9tterem H\u00e9t) G\u00f6d\u00f6ll\u0151, D\u00f3zsa Gy\u00f6rgy \u00fat 13.<\/p>\n<p>Tar Aut\u00f3 Szerviz G\u00f6d\u00f6ll\u0151, T\u00e1bornok u. 47.<\/p>\n<p>WestOutlet (10%) G\u00f6d\u00f6ll\u0151, Szabads\u00e1g \u00fat 26.<\/p>\n<p><\/p>\n<h1 class=\"wp-block-heading has-text-color\" style=\"color: #0e6fa8;\"><strong>Helyi \u00f6nkorm\u00e1nyzati kedvezm\u00e9nyek<\/strong><\/h1>\n<p><\/p>\n<p><\/p>\n<p>Civil H\u00e1z rendelkez\u00e9sre bocs\u00e1t\u00e1sa<\/p>\n<p>Civil P\u00e1ly\u00e1zat<\/p>\n<p>Testv\u00e9rv\u00e1rosi Kapcsolatok P\u00e1ly\u00e1zat<\/p>\n<p><\/p>\n<h1 class=\"wp-block-heading has-text-color\" style=\"color: #0e6fa8;\"><strong>Orsz\u00e1gos civil\/v\u00e1llalati kedvezm\u00e9nyek<\/strong><\/h1>\n<p><\/p>\n<p><\/p>\n<p><a href=\"https:\/\/noe.hu\/kedvezmenyek\/\" target=\"_blank\" rel=\"noreferrer noopener\">Nagycsal\u00e1dos k\u00e1rty\u00e1val el\u00e9rhet\u0151 kedvezm\u00e9nyek adatb\u00e1zisa (noe.hu)<\/a><\/p>\n<p><\/p>\n<h1 class=\"wp-block-heading has-text-color\" style=\"color: #0e6fa8;\"><strong>Orsz\u00e1gos \u00e1llami kedvezm\u00e9nyek<\/strong><\/h1>\n<p><\/p>\n<p><\/p>\n<p><a href=\"https:\/\/csalad.hu\/\" target=\"_blank\" rel=\"noreferrer noopener\">Babav\u00e1r\u00f3 t\u00e1mogat\u00e1s (csalad.hu)<\/a><\/p>\n<p><a href=\"https:\/\/csalad.hu\/\" target=\"_blank\" rel=\"noreferrer noopener\">CSOK (csalad.hu)<\/a><\/p>\n<p><a href=\"https:\/\/csalad.hu\/\" target=\"_blank\" rel=\"noreferrer noopener\">Jelz\u00e1loghitel-elenged\u00e9s (csalad.hu)<\/a><\/p>\n<p><a href=\"https:\/\/www.diakhitel.hu\/torlesztem\/diakhitel1\/gyermekvallalassal-kapcsolatos-kedvezmenyek.html\" target=\"_blank\" rel=\"noreferrer noopener\">Di\u00e1khitel sz\u00fcneteltet\u00e9s\/elenged\u00e9s (diakhitel.hu)<\/a><\/p>\n<p><a href=\"https:\/\/nav.gov.hu\/nav\/szja_b\/kedvezmenyek\/csaladi_kedvezmeny.html\" target=\"_blank\" rel=\"noreferrer noopener\">Csal\u00e1di ad\u00f3kedvezm\u00e9ny (nav.gov.hu)<\/a><\/p>\n<p><a href=\"https:\/\/csalad.hu\/\" target=\"_blank\" rel=\"noreferrer noopener\">N\u00e9gy- vagy t\u00f6bbgyermekes any\u00e1k SZJA-mentess\u00e9ge (csalad.hu)<\/a><\/p>\n<p><a href=\"https:\/\/cst.tcs.allamkincstar.gov.hu\/ell%C3%A1t%C3%A1sok\/nagycsal%C3%A1dos-f%C3%B6ldg%C3%A1z-%C3%A1rkedvezm%C3%A9ny.html\" target=\"_blank\" rel=\"noreferrer noopener\">Nagycsal\u00e1dos f\u00f6ldg\u00e1z \u00e1rkedvezm\u00e9ny (allamkincstar.gov.hu)<\/a><\/p>\n<p><\/p>\n<p><a href=\"https:\/\/nemzetiutdij.hu\/hu\/e-matrica\/dijak\/mentessegek-kedvezmenyek\" target=\"_blank\" rel=\"noreferrer noopener\" data-type=\"link\" data-id=\"https:\/\/nemzetiutdij.hu\/hu\/e-matrica\/dijak\/mentessegek-kedvezmenyek\">Nagycsal\u00e1dos aut\u00f3p\u00e1lya-matrica (nemzetiutdij.hu)<\/a><\/p>\n<p>T\u00e1vols\u00e1gi t\u00f6megk\u00f6zleked\u00e9s (<a href=\"https:\/\/www.volanbusz.hu\/hu\/jegy-es-berlet\/helykozi-dijszabasi-informaciok\/kedvezmenyek\" target=\"_blank\" rel=\"noreferrer noopener\">busz<\/a>,xa0<a href=\"https:\/\/www.mavcsoport.hu\/mav-start\/belfoldi-utazas\/csaladi-kedvezmeny-mar-egy-gyerektol\" target=\"_blank\" rel=\"noreferrer noopener\">vonat<\/a>)<\/p>\n<p>Ingyenes (b\u00f6lcs\u00f6de, \u00f3voda) vagy kedvezm\u00e9nyes (iskola) \u00e9tkeztet\u00e9s<\/p>\n<p>Ingyenes b\u00f6lcs\u00f6dei f\u00e9r\u0151hely<\/p>\n<p><a href=\"http:\/\/www.erzsebetprogram.hu\/\" target=\"_blank\" rel=\"noreferrer noopener\">Erzs\u00e9bet T\u00e1borok (erzsebetprogram.hu)<\/a>xa0nagycsal\u00e1dosoknak \u00e9s\/vagy tagcsal\u00e1doknak<\/p>\n<p><\/p>\t\t\t\t\t\t\t\t<\/div>\n\t\t\t\t<\/div>\n\t\t\t\t\t<\/div>\n\t\t\t\t<\/div>\n\t\t\t\t<\/div>\n\t\t","protected":false},"excerpt":{"rendered":"<p>Helyi civil\/v\u00e1llalati kapcsolatok Adom\u00e1nybolt G\u00f6d\u00f6ll\u0151, Palotakert 4. Amenza Service (\u00e9lelmiszerment\u00e9s), G\u00f6d\u00f6ll\u0151, P\u00e1ter K\u00e1roly utca 1. Agrosol 2000 Kft.,\u00a0G\u00f6d\u00f6ll\u0151, Szabads\u00e1g \u00fat 60, 2100 \u00c1gymester Manufakt\u00fara (V\u00e1ndorb\u00f6lcs\u0151 Mozgalom) Gy\u00e1l, K\u0151r\u00f6si \u00fat 92. \u2018Auchan\u00a0Seg\u00edt\u0151 K\u00f6z\u00f6ss\u00e9g Program\u2019 (tanszergy\u0171jt\u00e9s), Cs\u00f6m\u00f6r Cs\u00edkos CBA (\u00e9lelmiszergy\u0171jt\u00e9s), G\u00f6d\u00f6ll\u0151, Sz\u0151l\u0151 u. 10. B\u00e9bi-, gyermek- \u00e9s kismamaruha szak\u00fczlet (10%) G\u00f6d\u00f6ll\u0151, Kossuth Lajos utca 14. GAK Kert\u00e9szeti [&hellip;]<\/p>\n","protected":false},"author":2,"featured_media":0,"parent":0,"menu_order":4,"comment_status":"closed","ping_status":"closed","template":"","meta":{"ocean_post_layout":"","ocean_both_sidebars_style":"","ocean_both_sidebars_content_width":0,"ocean_both_sidebars_sidebars_width":0,"ocean_sidebar":"","ocean_second_sidebar":"","ocean_disable_margins":"enable","ocean_add_body_class":"","ocean_shortcode_before_top_bar":"","ocean_shortcode_after_top_bar":"","ocean_shortcode_before_header":"","ocean_shortcode_after_header":"","ocean_has_shortcode":"","ocean_shortcode_after_title":"","ocean_shortcode_before_footer_widgets":"","ocean_shortcode_after_footer_widgets":"","ocean_shortcode_before_footer_bottom":"","ocean_shortcode_after_footer_bottom":"","ocean_display_top_bar":"default","ocean_display_header":"default","ocean_header_style":"","ocean_center_header_left_menu":"","ocean_custom_header_template":"","ocean_custom_logo":0,"ocean_custom_retina_logo":0,"ocean_custom_logo_max_width":0,"ocean_custom_logo_tablet_max_width":0,"ocean_custom_logo_mobile_max_width":0,"ocean_custom_logo_max_height":0,"ocean_custom_logo_tablet_max_height":0,"ocean_custom_logo_mobile_max_height":0,"ocean_header_custom_menu":"","ocean_menu_typo_font_family":"","ocean_menu_typo_font_subset":"","ocean_menu_typo_font_size":0,"ocean_menu_typo_font_size_tablet":0,"ocean_menu_typo_font_size_mobile":0,"ocean_menu_typo_font_size_unit":"px","ocean_menu_typo_font_weight":"","ocean_menu_typo_font_weight_tablet":"","ocean_menu_typo_font_weight_mobile":"","ocean_menu_typo_transform":"","ocean_menu_typo_transform_tablet":"","ocean_menu_typo_transform_mobile":"","ocean_menu_typo_line_height":0,"ocean_menu_typo_line_height_tablet":0,"ocean_menu_typo_line_height_mobile":0,"ocean_menu_typo_line_height_unit":"","ocean_menu_typo_spacing":0,"ocean_menu_typo_spacing_tablet":0,"ocean_menu_typo_spacing_mobile":0,"ocean_menu_typo_spacing_unit":"","ocean_menu_link_color":"","ocean_menu_link_color_hover":"","ocean_menu_link_color_active":"","ocean_menu_link_background":"","ocean_menu_link_hover_background":"","ocean_menu_link_active_background":"","ocean_menu_social_links_bg":"","ocean_menu_social_hover_links_bg":"","ocean_menu_social_links_color":"","ocean_menu_social_hover_links_color":"","ocean_disable_title":"default","ocean_disable_heading":"default","ocean_post_title":"","ocean_post_subheading":"","ocean_post_title_style":"","ocean_post_title_background_color":"","ocean_post_title_background":0,"ocean_post_title_bg_image_position":"","ocean_post_title_bg_image_attachment":"","ocean_post_title_bg_image_repeat":"","ocean_post_title_bg_image_size":"","ocean_post_title_height":0,"ocean_post_title_bg_overlay":0.5,"ocean_post_title_bg_overlay_color":"","ocean_disable_breadcrumbs":"default","ocean_breadcrumbs_color":"","ocean_breadcrumbs_separator_color":"","ocean_breadcrumbs_links_color":"","ocean_breadcrumbs_links_hover_color":"","ocean_display_footer_widgets":"default","ocean_display_footer_bottom":"default","ocean_custom_footer_template":"","footnotes":""},"class_list":["post-194","page","type-page","status-publish","hentry","entry"],"_links":{"self":[{"href":"https:\/\/gfeszek.hu\/index.php?rest_route=\/wp\/v2\/pages\/194","targetHints":{"allow":["GET"]}}],"collection":[{"href":"https:\/\/gfeszek.hu\/index.php?rest_route=\/wp\/v2\/pages"}],"about":[{"href":"https:\/\/gfeszek.hu\/index.php?rest_route=\/wp\/v2\/types\/page"}],"author":[{"embeddable":true,"href":"https:\/\/gfeszek.hu\/index.php?rest_route=\/wp\/v2\/users\/2"}],"replies":[{"embeddable":true,"href":"https:\/\/gfeszek.hu\/index.php?rest_route=%2Fwp%2Fv2%2Fcomments&post=194"}],"version-history":[{"count":19,"href":"https:\/\/gfeszek.hu\/index.php?rest_route=\/wp\/v2\/pages\/194\/revisions"}],"predecessor-version":[{"id":1553,"href":"https:\/\/gfeszek.hu\/index.php?rest_route=\/wp\/v2\/pages\/194\/revisions\/1553"}],"wp:attachment":[{"href":"https:\/\/gfeszek.hu\/index.php?rest_route=%2Fwp%2Fv2%2Fmedia&parent=194"}],"curies":[{"name":"wp","href":"https:\/\/api.w.org\/{rel}","templated":true}]}}