{"id":192,"date":"2020-02-24T21:56:21","date_gmt":"2020-02-24T21:56:21","guid":{"rendered":"http:\/\/gfeszek.bajnoczi.hu\/?page_id=192"},"modified":"2025-01-20T11:16:15","modified_gmt":"2025-01-20T11:16:15","slug":"tevekenyseg","status":"publish","type":"page","link":"https:\/\/gfeszek.hu\/?page_id=192","title":{"rendered":"Tev\u00e9kenys\u00e9g"},"content":{"rendered":"\n<h1 class=\"wp-block-heading has-text-color\" style=\"color:#0e6fa8\">Rendszeres tev\u00e9kenys\u00e9gek<\/h1>\n\n\n\n<p><\/p>\n\n\n\n<ul class=\"wp-block-list\">\n<li>K\u00f6z\u00e9rdek\u0171 \u00d6nk\u00e9ntes Munka fogad\u00f3hely (sorsz\u00e1m: 9053)<\/li>\n\n\n\n<li>V\u00e1ndorb\u00f6lcs\u0151 (ig\u00e9nybejelent\u00e9s: <a href=\"mailto:gfeszek@gmail.com\" target=\"_blank\" rel=\"noreferrer noopener\">gfeszek@gmail.com<\/a>)<\/li>\n\n\n\n<li>Adom\u00e1nyok gy\u0171jt\u00e9se \u00e9s oszt\u00e1sa<\/li>\n\n\n\n<li>Ruha- \u00e9s j\u00e1t\u00e9kb\u00f6rze<\/li>\n\n\n\n<li><a href=\"https:\/\/gfeszek.hu\/?page_id=702\">\u00c9lelmiszerment\u00e9s<\/a><\/li>\n\n\n\n<li>Bef\u0151z\u0151 automata, aszal\u00f3g\u00e9p (ig\u00e9nybejelent\u00e9s: <a href=\"mailto:gfeszek@gmail.com\" target=\"_blank\" rel=\"noreferrer noopener\">gfeszek@gmail.com<\/a>)<\/li>\n\n\n\n<li>R\u00e1szorul\u00f3 tagcsal\u00e1dok seg\u00edt\u00e9se<\/li>\n<\/ul>\n\n\n\n<hr class=\"wp-block-separator has-css-opacity\"\/>\n\n\n\n<h1 class=\"wp-block-heading has-text-color\" style=\"color:#0e6fa8\">Egyes\u00fcleti esem\u00e9nyek<\/h1>\n\n\n\n<p><\/p>\n\n\n\n<ul class=\"wp-block-list\">\n<li>H\u00e1zass\u00e1g Vil\u00e1gnapja &#8211; febru\u00e1r<\/li>\n\n\n\n<li>Szakmai \u00e9s k\u00f6z\u00e9leti el\u0151ad\u00e1sok &#8211; \u00e1prilis, okt\u00f3ber<\/li>\n\n\n\n<li>Gyereknap &#8211; m\u00e1jus<\/li>\n\n\n\n<li>Kir\u00e1ndul\u00e1s &#8211; szeptember<\/li>\n\n\n\n<li>Testv\u00e9rv\u00e1rosi nemzetk\u00f6zi csal\u00e1d-csere &#8211; p\u00e1ly\u00e1zat f\u00fcggv\u00e9ny\u00e9ben <br>(Beregsz\u00e1sz, Cs\u00edkszereda, Zenta, Dunaszerdahely)<\/li>\n<\/ul>\n\n\n\n<hr class=\"wp-block-separator has-css-opacity\"\/>\n\n\n\n<h1 class=\"wp-block-heading has-text-color\" style=\"color:#0e6fa8\">R\u00e9szv\u00e9tel v\u00e1rosi rendezv\u00e9nyeken<\/h1>\n\n\n\n<p><\/p>\n\n\n\n<ul class=\"wp-block-list\">\n<li><a href=\"https:\/\/www.facebook.com\/ArboFeszt\" target=\"_blank\" rel=\"noreferrer noopener\">ArboFeszt<\/a><\/li>\n\n\n\n<li><a href=\"https:\/\/www.godollofilmfest.com\/\" target=\"_blank\" rel=\"noreferrer noopener\">Nemzetk\u00f6zi Term\u00e9szetfilm Fesztiv\u00e1l G\u00f6d\u00f6ll\u0151<\/a><\/li>\n\n\n\n<li>Kutat\u00f3k \u00c9jszak\u00e1ja, G\u00f6d\u00f6ll\u0151<\/li>\n\n\n\n<li>Alv\u00e9gi csal\u00e1di nap<\/li>\n\n\n\n<li>V\u00e1rosi Civil F\u00f3rum<\/li>\n\n\n\n<li>Belv\u00e1rosi Napok \u2013 Civil Utca<\/li>\n\n\n\n<li>Civil Piknik<\/li>\n\n\n\n<li>Civil Kar\u00e1csony<\/li>\n<\/ul>\n\n\n\n<hr class=\"wp-block-separator has-css-opacity\"\/>\n\n\n\n<h1 class=\"wp-block-heading has-text-color\" style=\"color:#0e6fa8\">Bekapcsol\u00f3d\u00e1s orsz\u00e1gos rendezv\u00e9nyekbe<\/h1>\n\n\n\n<p><\/p>\n\n\n\n<ul class=\"wp-block-list\">\n<li>NOE \u00d6nk\u00e9ntesek k\u00f6sz\u00f6nt\u00e9se<\/li>\n\n\n\n<li>NOE Babak\u00f6sz\u00f6nt\u0151 (m\u00e1jus)<\/li>\n\n\n\n<li>NOE, KCSSZ K\u00f6zgy\u0171l\u00e9s (\u00e1prilis &#8211; m\u00e1jus)<\/li>\n\n\n\n<li>NOE Region\u00e1lis tal\u00e1lkoz\u00f3<\/li>\n\n\n\n<li>Auchan tanszergy\u0171jt\u00e9s (augusztus)<\/li>\n\n\n\n<li>NOE Orsz\u00e1gos tal\u00e1lkoz\u00f3 (szeptember)<\/li>\n\n\n\n<li>NOE A Szeretet \u00cdzei program (szeptember)<\/li>\n\n\n\n<li>CBA tart\u00f3s\u00e9lelmiszer-gy\u0171jt\u00e9s (november)<\/li>\n\n\n\n<li>Angyali Csomagk\u00fcld\u0151 Szolg\u00e1lat (december)<\/li>\n\n\n\n<li>NOE Kar\u00e1csonyi adom\u00e1nygy\u0171jt\u00e9s (december)<\/li>\n\n\n\n<li>NOE V\u00e1lasztm\u00e1nyi \u00fcl\u00e9s (\u00e9vente 4 alkalommal)<\/li>\n\n\n\n<li>NOE Vezet\u0151k\u00e9pz\u0151<\/li>\n\n\n\n<li>KCSSZ ifj\u00fas\u00e1gi t\u00e1bor<\/li>\n\n\n\n<li>Pro Filii Alap\u00edtv\u00e1ny csal\u00e1di nyaral\u00e1sai<\/li>\n\n\n\n<li>Erzs\u00e9bet T\u00e1bor<\/li>\n\n\n\n<li>Erzs\u00e9bet csal\u00e1di h\u00e9tv\u00e9g\u00e9k<\/li>\n\n\n\n<li>NOE Csal\u00e1dkongresszus<\/li>\n<\/ul>\n\n\n\n<p><\/p>\n","protected":false},"excerpt":{"rendered":"<p>Rendszeres tev\u00e9kenys\u00e9gek Egyes\u00fcleti esem\u00e9nyek R\u00e9szv\u00e9tel v\u00e1rosi rendezv\u00e9nyeken Bekapcsol\u00f3d\u00e1s orsz\u00e1gos rendezv\u00e9nyekbe<\/p>\n","protected":false},"author":2,"featured_media":0,"parent":0,"menu_order":3,"comment_status":"closed","ping_status":"closed","template":"","meta":{"ocean_post_layout":"","ocean_both_sidebars_style":"","ocean_both_sidebars_content_width":0,"ocean_both_sidebars_sidebars_width":0,"ocean_sidebar":"","ocean_second_sidebar":"","ocean_disable_margins":"enable","ocean_add_body_class":"","ocean_shortcode_before_top_bar":"","ocean_shortcode_after_top_bar":"","ocean_shortcode_before_header":"","ocean_shortcode_after_header":"","ocean_has_shortcode":"","ocean_shortcode_after_title":"","ocean_shortcode_before_footer_widgets":"","ocean_shortcode_after_footer_widgets":"","ocean_shortcode_before_footer_bottom":"","ocean_shortcode_after_footer_bottom":"","ocean_display_top_bar":"default","ocean_display_header":"default","ocean_header_style":"","ocean_center_header_left_menu":"","ocean_custom_header_template":"","ocean_custom_logo":0,"ocean_custom_retina_logo":0,"ocean_custom_logo_max_width":0,"ocean_custom_logo_tablet_max_width":0,"ocean_custom_logo_mobile_max_width":0,"ocean_custom_logo_max_height":0,"ocean_custom_logo_tablet_max_height":0,"ocean_custom_logo_mobile_max_height":0,"ocean_header_custom_menu":"","ocean_menu_typo_font_family":"","ocean_menu_typo_font_subset":"","ocean_menu_typo_font_size":0,"ocean_menu_typo_font_size_tablet":0,"ocean_menu_typo_font_size_mobile":0,"ocean_menu_typo_font_size_unit":"px","ocean_menu_typo_font_weight":"","ocean_menu_typo_font_weight_tablet":"","ocean_menu_typo_font_weight_mobile":"","ocean_menu_typo_transform":"","ocean_menu_typo_transform_tablet":"","ocean_menu_typo_transform_mobile":"","ocean_menu_typo_line_height":0,"ocean_menu_typo_line_height_tablet":0,"ocean_menu_typo_line_height_mobile":0,"ocean_menu_typo_line_height_unit":"","ocean_menu_typo_spacing":0,"ocean_menu_typo_spacing_tablet":0,"ocean_menu_typo_spacing_mobile":0,"ocean_menu_typo_spacing_unit":"","ocean_menu_link_color":"","ocean_menu_link_color_hover":"","ocean_menu_link_color_active":"","ocean_menu_link_background":"","ocean_menu_link_hover_background":"","ocean_menu_link_active_background":"","ocean_menu_social_links_bg":"","ocean_menu_social_hover_links_bg":"","ocean_menu_social_links_color":"","ocean_menu_social_hover_links_color":"","ocean_disable_title":"default","ocean_disable_heading":"default","ocean_post_title":"","ocean_post_subheading":"","ocean_post_title_style":"","ocean_post_title_background_color":"","ocean_post_title_background":0,"ocean_post_title_bg_image_position":"","ocean_post_title_bg_image_attachment":"","ocean_post_title_bg_image_repeat":"","ocean_post_title_bg_image_size":"","ocean_post_title_height":0,"ocean_post_title_bg_overlay":0.5,"ocean_post_title_bg_overlay_color":"","ocean_disable_breadcrumbs":"default","ocean_breadcrumbs_color":"","ocean_breadcrumbs_separator_color":"","ocean_breadcrumbs_links_color":"","ocean_breadcrumbs_links_hover_color":"","ocean_display_footer_widgets":"default","ocean_display_footer_bottom":"default","ocean_custom_footer_template":"","footnotes":""},"class_list":["post-192","page","type-page","status-publish","hentry","entry"],"_links":{"self":[{"href":"https:\/\/gfeszek.hu\/index.php?rest_route=\/wp\/v2\/pages\/192","targetHints":{"allow":["GET"]}}],"collection":[{"href":"https:\/\/gfeszek.hu\/index.php?rest_route=\/wp\/v2\/pages"}],"about":[{"href":"https:\/\/gfeszek.hu\/index.php?rest_route=\/wp\/v2\/types\/page"}],"author":[{"embeddable":true,"href":"https:\/\/gfeszek.hu\/index.php?rest_route=\/wp\/v2\/users\/2"}],"replies":[{"embeddable":true,"href":"https:\/\/gfeszek.hu\/index.php?rest_route=%2Fwp%2Fv2%2Fcomments&post=192"}],"version-history":[{"count":13,"href":"https:\/\/gfeszek.hu\/index.php?rest_route=\/wp\/v2\/pages\/192\/revisions"}],"predecessor-version":[{"id":1386,"href":"https:\/\/gfeszek.hu\/index.php?rest_route=\/wp\/v2\/pages\/192\/revisions\/1386"}],"wp:attachment":[{"href":"https:\/\/gfeszek.hu\/index.php?rest_route=%2Fwp%2Fv2%2Fmedia&parent=192"}],"curies":[{"name":"wp","href":"https:\/\/api.w.org\/{rel}","templated":true}]}}