{"id":190,"date":"2020-02-24T21:55:21","date_gmt":"2020-02-24T21:55:21","guid":{"rendered":"http:\/\/gfeszek.bajnoczi.hu\/?page_id=190"},"modified":"2025-01-08T21:43:35","modified_gmt":"2025-01-08T21:43:35","slug":"belepes","status":"publish","type":"page","link":"https:\/\/gfeszek.hu\/?page_id=190","title":{"rendered":"Bel\u00e9p\u00e9s"},"content":{"rendered":"\n<h2 class=\"wp-block-heading\">Kedves \u00daj Tagcsal\u00e1dunk!<\/h2>\n\n\n\n<p><\/p>\n\n\n\n<p class=\"has-text-align-center has-very-dark-gray-color has-text-color\">Szeretettel k\u00f6sz\u00f6ntj\u00fck a <br><strong>G\u00f6d\u00f6ll\u0151i F\u00e9szek Nagycsal\u00e1dosok Egyes\u00fclet\u00e9ben<\/strong>, <br>\u00f6r\u00f6mmel vessz\u00fck csatlakoz\u00e1sukat.<br>K\u00edv\u00e1njuk, hogy \u00e9rezz\u00e9k j\u00f3l magukat n\u00e1lunk, <br>szeretettel v\u00e1rjuk programjainkon, \u00e9s <br>k\u00e9rj\u00fck, hogy erej\u00fckh\u00f6z m\u00e9rten seg\u00edts\u00e9k c\u00e9ljaink megval\u00f3sul\u00e1s\u00e1t.<\/p>\n\n\n\n<p><\/p>\n\n\n\n<p><\/p>\n\n\n\n<h1 class=\"wp-block-heading has-text-align-center\"><span style=\"text-decoration: underline\"><strong> <a rel=\"noreferrer noopener\" href=\"https:\/\/docs.google.com\/forms\/d\/e\/1FAIpQLSemlEI814CXX7VXlFT6hm3uoWaIav5UX6kBnUBKgxGYTaeycA\/viewform?vc=0&amp;c=0&amp;w=1\" target=\"_blank\">BEL\u00c9P\u00c9SI NYILATKOZAT<\/a> <\/strong><\/span><\/h1>\n\n\n\n<p><\/p>\n\n\n\n<p><\/p>\n\n\n\n<p class=\"has-text-align-center\">A bel\u00e9p\u00e9si nyilatkozat kit\u00f6lt\u00e9s\u00e9vel \u00d6n kifejezi bel\u00e9p\u00e9si sz\u00e1nd\u00e9k\u00e1t a <br><br><strong>G\u00f6d\u00f6ll\u0151i F\u00e9szek Nagycsal\u00e1dosok Egyes\u00fclet\u00e9be<\/strong> <br>\u00c9S <br>a <strong>Nagycsal\u00e1dosok Orsz\u00e1gos Egyes\u00fclet\u00e9be<\/strong>. <\/p>\n\n\n\n<p><\/p>\n\n\n\n<h1 class=\"wp-block-heading has-text-color\" style=\"color:#0e6fa8\">Tagd\u00edjbefizet\u00e9s:<\/h1>\n\n\n\n<p class=\"has-very-dark-gray-color has-text-color\"><br><strong>Banksz\u00e1mlasz\u00e1m:<br><\/strong>G\u00f6d\u00f6ll\u0151i F\u00e9szek Nagycsal\u00e1dosok Egyes\u00fclete<br>10300002-13846153-00014903 (MBH)<br><br><strong>K\u00f6zlem\u00e9ny tagd\u00edjbefizet\u00e9s eset\u00e9n:<br><\/strong>&lt;anya \u00e9s apa neve> &lt;tagsorsz\u00e1m> &lt;gyerekek sz\u00e1ma><br><strong>K\u00f6zlem\u00e9ny \u00faj tags\u00e1g eset\u00e9n:<br><\/strong>&lt;anya \u00e9s apa neve> \u00faj bel\u00e9p\u0151 &lt;gyerekek sz\u00e1ma><br><br><strong><strong>\u00c9ves tagd\u00edj<\/strong>: 4000 Ft<\/strong><br><br>A tagd\u00edjak k\u00e9szp\u00e9nzes befizet\u00e9s\u00e9re fogad\u00f3napokon biztos\u00edtunk lehet\u0151s\u00e9get.<br><\/p>\n\n\n\n<h1 class=\"wp-block-heading has-text-color\" style=\"color:#0e6fa8\">Ami\u00e9rt \u00e9rdemes csatlakozni hozz\u00e1nk:<\/h1>\n\n\n\n<h2 class=\"wp-block-heading has-text-align-center has-text-color\" style=\"color:#0e6fa8\">J\u00f3 t\u00e1rsas\u00e1g &#8211; j\u00f3 programok &#8211; j\u00f3kedv<\/h2>\n\n\n\n<p class=\"has-very-dark-gray-color has-text-color\"><br>A Nagycsal\u00e1dosok Orsz\u00e1gos Egyes\u00fclete (NOE) a leghat\u00e9konyabb csal\u00e1di \u00e9rdekv\u00e9delmi szervezet ma Magyarorsz\u00e1gon.<br><br>Tagjaink sz\u00e1mos kedvezm\u00e9nyben \u00e9s hasznos inform\u00e1ci\u00f3ban r\u00e9szes\u00fclnek.<br><br>B\u00e1tor\u00edtjuk azokat a nagycsal\u00e1dosokat is, akiknek gyermekei m\u00e1r kirep\u00fcltek a csal\u00e1di f\u00e9szekb\u0151l, hogy b\u00e1tran csatlakozzanak egyes\u00fclet\u00fcnkh\u00f6z!<\/p>\n","protected":false},"excerpt":{"rendered":"<p>Kedves \u00daj Tagcsal\u00e1dunk! Szeretettel k\u00f6sz\u00f6ntj\u00fck a G\u00f6d\u00f6ll\u0151i F\u00e9szek Nagycsal\u00e1dosok Egyes\u00fclet\u00e9ben, \u00f6r\u00f6mmel vessz\u00fck csatlakoz\u00e1sukat.K\u00edv\u00e1njuk, hogy \u00e9rezz\u00e9k j\u00f3l magukat n\u00e1lunk, szeretettel v\u00e1rjuk programjainkon, \u00e9s k\u00e9rj\u00fck, hogy erej\u00fckh\u00f6z m\u00e9rten seg\u00edts\u00e9k c\u00e9ljaink megval\u00f3sul\u00e1s\u00e1t. BEL\u00c9P\u00c9SI NYILATKOZAT A bel\u00e9p\u00e9si nyilatkozat kit\u00f6lt\u00e9s\u00e9vel \u00d6n kifejezi bel\u00e9p\u00e9si sz\u00e1nd\u00e9k\u00e1t a G\u00f6d\u00f6ll\u0151i F\u00e9szek Nagycsal\u00e1dosok Egyes\u00fclet\u00e9be \u00c9S a Nagycsal\u00e1dosok Orsz\u00e1gos Egyes\u00fclet\u00e9be. Tagd\u00edjbefizet\u00e9s: Banksz\u00e1mlasz\u00e1m:G\u00f6d\u00f6ll\u0151i F\u00e9szek Nagycsal\u00e1dosok Egyes\u00fclete10300002-13846153-00014903 (MBH) [&hellip;]<\/p>\n","protected":false},"author":2,"featured_media":0,"parent":0,"menu_order":2,"comment_status":"closed","ping_status":"closed","template":"","meta":{"ocean_post_layout":"","ocean_both_sidebars_style":"","ocean_both_sidebars_content_width":0,"ocean_both_sidebars_sidebars_width":0,"ocean_sidebar":"","ocean_second_sidebar":"","ocean_disable_margins":"enable","ocean_add_body_class":"","ocean_shortcode_before_top_bar":"","ocean_shortcode_after_top_bar":"","ocean_shortcode_before_header":"","ocean_shortcode_after_header":"","ocean_has_shortcode":"","ocean_shortcode_after_title":"","ocean_shortcode_before_footer_widgets":"","ocean_shortcode_after_footer_widgets":"","ocean_shortcode_before_footer_bottom":"","ocean_shortcode_after_footer_bottom":"","ocean_display_top_bar":"default","ocean_display_header":"default","ocean_header_style":"","ocean_center_header_left_menu":"","ocean_custom_header_template":"","ocean_custom_logo":0,"ocean_custom_retina_logo":0,"ocean_custom_logo_max_width":0,"ocean_custom_logo_tablet_max_width":0,"ocean_custom_logo_mobile_max_width":0,"ocean_custom_logo_max_height":0,"ocean_custom_logo_tablet_max_height":0,"ocean_custom_logo_mobile_max_height":0,"ocean_header_custom_menu":"","ocean_menu_typo_font_family":"","ocean_menu_typo_font_subset":"","ocean_menu_typo_font_size":0,"ocean_menu_typo_font_size_tablet":0,"ocean_menu_typo_font_size_mobile":0,"ocean_menu_typo_font_size_unit":"px","ocean_menu_typo_font_weight":"","ocean_menu_typo_font_weight_tablet":"","ocean_menu_typo_font_weight_mobile":"","ocean_menu_typo_transform":"","ocean_menu_typo_transform_tablet":"","ocean_menu_typo_transform_mobile":"","ocean_menu_typo_line_height":0,"ocean_menu_typo_line_height_tablet":0,"ocean_menu_typo_line_height_mobile":0,"ocean_menu_typo_line_height_unit":"","ocean_menu_typo_spacing":0,"ocean_menu_typo_spacing_tablet":0,"ocean_menu_typo_spacing_mobile":0,"ocean_menu_typo_spacing_unit":"","ocean_menu_link_color":"","ocean_menu_link_color_hover":"","ocean_menu_link_color_active":"","ocean_menu_link_background":"","ocean_menu_link_hover_background":"","ocean_menu_link_active_background":"","ocean_menu_social_links_bg":"","ocean_menu_social_hover_links_bg":"","ocean_menu_social_links_color":"","ocean_menu_social_hover_links_color":"","ocean_disable_title":"default","ocean_disable_heading":"default","ocean_post_title":"","ocean_post_subheading":"","ocean_post_title_style":"","ocean_post_title_background_color":"","ocean_post_title_background":0,"ocean_post_title_bg_image_position":"","ocean_post_title_bg_image_attachment":"","ocean_post_title_bg_image_repeat":"","ocean_post_title_bg_image_size":"","ocean_post_title_height":0,"ocean_post_title_bg_overlay":0.5,"ocean_post_title_bg_overlay_color":"","ocean_disable_breadcrumbs":"default","ocean_breadcrumbs_color":"","ocean_breadcrumbs_separator_color":"","ocean_breadcrumbs_links_color":"","ocean_breadcrumbs_links_hover_color":"","ocean_display_footer_widgets":"default","ocean_display_footer_bottom":"default","ocean_custom_footer_template":"","footnotes":""},"class_list":["post-190","page","type-page","status-publish","hentry","entry"],"_links":{"self":[{"href":"https:\/\/gfeszek.hu\/index.php?rest_route=\/wp\/v2\/pages\/190","targetHints":{"allow":["GET"]}}],"collection":[{"href":"https:\/\/gfeszek.hu\/index.php?rest_route=\/wp\/v2\/pages"}],"about":[{"href":"https:\/\/gfeszek.hu\/index.php?rest_route=\/wp\/v2\/types\/page"}],"author":[{"embeddable":true,"href":"https:\/\/gfeszek.hu\/index.php?rest_route=\/wp\/v2\/users\/2"}],"replies":[{"embeddable":true,"href":"https:\/\/gfeszek.hu\/index.php?rest_route=%2Fwp%2Fv2%2Fcomments&post=190"}],"version-history":[{"count":10,"href":"https:\/\/gfeszek.hu\/index.php?rest_route=\/wp\/v2\/pages\/190\/revisions"}],"predecessor-version":[{"id":1381,"href":"https:\/\/gfeszek.hu\/index.php?rest_route=\/wp\/v2\/pages\/190\/revisions\/1381"}],"wp:attachment":[{"href":"https:\/\/gfeszek.hu\/index.php?rest_route=%2Fwp%2Fv2%2Fmedia&parent=190"}],"curies":[{"name":"wp","href":"https:\/\/api.w.org\/{rel}","templated":true}]}}